{"id":86,"date":"2023-04-04T19:38:44","date_gmt":"2023-04-04T19:38:44","guid":{"rendered":"http:\/\/www.mampasje.com.pl\/?page_id=86"},"modified":"2023-04-04T19:48:59","modified_gmt":"2023-04-04T19:48:59","slug":"montaz-materialow-wideo","status":"publish","type":"page","link":"https:\/\/www.mampasje.com.pl\/index.php\/montaz-materialow-wideo\/","title":{"rendered":"Monta\u017c materia\u0142\u00f3w wideo"},"content":{"rendered":"\n<p>Oferuj\u0119 monta\u017c materia\u0142\u00f3w wideo. Wi\u0119kszo\u015b\u0107 projekt\u00f3w wykonuj\u0119 w przeci\u0105gu 7 dni. Je\u015bli zlecenie b\u0119dzie du\u017ce, ten czas mo\u017ce si\u0119 wyd\u0142u\u017cy\u0107. Zlecenia wykonuj\u0119 zdalnie. Zapraszam do kontaktu, w celu ustalenia szczeg\u00f3\u0142\u00f3w.<\/p>\n\n\n\n<p>Program do monta\u017cu: DaVinci Resolve.<\/p>\n\n\n\n<h2 class=\"wp-block-heading\">Jakie nagrania montuj\u0119?<\/h2>\n\n\n\n<ul class=\"wp-block-list\">\n<li>do wykorzystania w mediach spo\u0142eczno\u015bciowych, vlogach,<\/li>\n\n\n\n<li>do cel\u00f3w marketingowych,<\/li>\n\n\n\n<li>filmy okoliczno\u015bciowe z imprez rodzinnych\/firmowych,<\/li>\n\n\n\n<li>filmy instrukta\u017cowe,<\/li>\n\n\n\n<li>wywiady,<br>i Inne wedle potrzeb.<\/li>\n<\/ul>\n\n\n\n<h2 class=\"wp-block-heading\">Jak wsp\u00f3\u0142pracujemy?<\/h2>\n\n\n\n<p>1) ustalamy koncepcj\u0119 filmu. Zapoznaj\u0119 si\u0119 z materia\u0142ami. Ustalamy kwesti\u0119 ceny,<br>2) Przesy\u0142am gotowy film do akceptacji. Oczekuj\u0119 na informacj\u0119 zwrotn\u0105. W przypadku uwag nanosz\u0119 poprawki. W przypadku wi\u0119kszej ilo\u015bci materia\u0142u, do akceptacji przesy\u0142am na pocz\u0105tku cze\u015b\u0107 materia\u0142\u00f3w. Po akceptacji wykonuj\u0119 reszt\u0119 zlecenia,<br>3) je\u015bli wszystkie poprawki zostan\u0105 zaakceptowane, finalizujemy wsp\u00f3\u0142prac\u0119.<\/p>\n\n\n\n<h2 class=\"wp-block-heading\">Jakich informacji potrzebuj\u0119 przy pierwszym kontakcie? <\/h2>\n\n\n\n<p>Przede wszystkim: <br>1) Co przedstawia projekt.<br>2) D\u0142ugo\u015b\u0107 materia\u0142\u00f3w do obr\u00f3bki. <br>3) Oczekiwana d\u0142ugo\u015b\u0107 ko\u0144cowa. <br>4) Termin realizacji. <br>Oraz wszystkie inne istotne informacje, do monta\u017cu materia\u0142\u00f3w wideo. <\/p>\n\n\n\n<p>Zapraszamy do kontaktu:<\/p>\n\n\n<style id=\"wpforms-css-vars-91\">\n\t\t\t\t#wpforms-91 {\n\t\t\t\t\n\t\t\t}\n\t\t\t<\/style><div class=\"wpforms-container wpforms-container-full wpforms-render-modern\" id=\"wpforms-91\"><form id=\"wpforms-form-91\" class=\"wpforms-validate wpforms-form wpforms-ajax-form\" data-formid=\"91\" method=\"post\" enctype=\"multipart\/form-data\" action=\"\/index.php\/wp-json\/wp\/v2\/pages\/86\" data-token=\"d6f5cf99f101e99d9b48e1fce66f1d32\" data-token-time=\"1776603276\"><noscript class=\"wpforms-error-noscript\">Aby wype\u0142ni\u0107 ten formularz, w\u0142\u0105cz obs\u0142ug\u0119 JavaScript w przegl\u0105darce.<\/noscript><div id=\"wpforms-error-noscript\" style=\"display: none;\">Aby wype\u0142ni\u0107 ten formularz, w\u0142\u0105cz obs\u0142ug\u0119 JavaScript w przegl\u0105darce.<\/div><div class=\"wpforms-field-container\"><div id=\"wpforms-91-field_0-container\" class=\"wpforms-field wpforms-field-name\" data-field-id=\"0\"><label class=\"wpforms-field-label\" for=\"wpforms-91-field_0\">Imi\u0119 <span class=\"wpforms-required-label\" aria-hidden=\"true\">*<\/span><\/label><input type=\"text\" id=\"wpforms-91-field_0\" class=\"wpforms-field-medium wpforms-field-required\" name=\"wpforms[fields][0]\" aria-errormessage=\"wpforms-91-field_0-error\" required><\/div><div id=\"wpforms-91-field_1-container\" class=\"wpforms-field wpforms-field-email\" data-field-id=\"1\"><fieldset><legend class=\"wpforms-field-label\">E-mail <span class=\"wpforms-required-label\" aria-hidden=\"true\">*<\/span><\/legend><div class=\"wpforms-field-row wpforms-field-medium\"><div class=\"wpforms-field-row-block wpforms-one-half wpforms-first\"><input type=\"email\" id=\"wpforms-91-field_1\" class=\"wpforms-field-required wpforms-field-email-primary\" name=\"wpforms[fields][1][primary]\" spellcheck=\"false\" aria-errormessage=\"wpforms-91-field_1-error\" required><label for=\"wpforms-91-field_1\" class=\"wpforms-field-sublabel after\">Adres e-mail<\/label><\/div><div class=\"wpforms-field-row-block wpforms-one-half\"><input type=\"email\" id=\"wpforms-91-field_1-secondary\" class=\"wpforms-field-email-secondary wpforms-field-required\" data-rule-confirm=\"#wpforms-91-field_1\" name=\"wpforms[fields][1][secondary]\" spellcheck=\"false\" aria-errormessage=\"wpforms-91-field_1-secondary-error\" required><label for=\"wpforms-91-field_1-secondary\" class=\"wpforms-field-sublabel after\">Potwierd\u017a adres e-mail<\/label><\/div><\/div><\/fieldset><\/div><div id=\"wpforms-91-field_2-container\" class=\"wpforms-field wpforms-field-textarea\" data-field-id=\"2\"><label class=\"wpforms-field-label\" for=\"wpforms-91-field_2\">Opis projektu <span class=\"wpforms-required-label\" aria-hidden=\"true\">*<\/span><\/label><textarea id=\"wpforms-91-field_2\" class=\"wpforms-field-medium wpforms-field-required\" name=\"wpforms[fields][2]\" aria-errormessage=\"wpforms-91-field_2-error\" required><\/textarea><\/div><div id=\"wpforms-91-field_3-container\" class=\"wpforms-field wpforms-field-select wpforms-field-select-style-modern\" data-field-id=\"3\"><label class=\"wpforms-field-label\" for=\"wpforms-91-field_3\">Oczekiwany czas realizacji <span class=\"wpforms-required-label\" aria-hidden=\"true\">*<\/span><\/label><select id=\"wpforms-91-field_3\" class=\"wpforms-field-small wpforms-field-required choicesjs-select\" data-size-class=\"wpforms-field-row wpforms-field-small\" data-search-enabled=\"\" name=\"wpforms[fields][3]\" required=\"required\"><option value=\"\" class=\"placeholder\" disabled ><\/option><option value=\"Do 7 dni\"  selected='selected' class=\"choice-1 depth-1\"  >Do 7 dni<\/option><option value=\"7-14 dni\"  class=\"choice-2 depth-1\"  >7-14 dni<\/option><option value=\"14-30 dni\"  class=\"choice-3 depth-1\"  >14-30 dni<\/option><\/select><\/div><\/div><!-- .wpforms-field-container --><div class=\"wpforms-recaptcha-container wpforms-is-recaptcha wpforms-is-recaptcha-type-v3\" ><input type=\"hidden\" name=\"wpforms[recaptcha]\" value=\"\"><\/div><div class=\"wpforms-submit-container\" ><input type=\"hidden\" name=\"wpforms[id]\" value=\"91\"><input type=\"hidden\" name=\"page_title\" value=\"\"><input type=\"hidden\" name=\"page_url\" value=\"https:\/\/www.mampasje.com.pl\/index.php\/wp-json\/wp\/v2\/pages\/86\"><input type=\"hidden\" name=\"url_referer\" value=\"\"><button type=\"submit\" name=\"wpforms[submit]\" id=\"wpforms-submit-91\" class=\"wpforms-submit\" data-alt-text=\"Wysy\u0142anie...\" data-submit-text=\"Prze\u015blij\" aria-live=\"assertive\" value=\"wpforms-submit\">Prze\u015blij<\/button><img loading=\"lazy\" decoding=\"async\" src=\"https:\/\/www.mampasje.com.pl\/wp-content\/plugins\/wpforms-lite\/assets\/images\/submit-spin.svg\" class=\"wpforms-submit-spinner\" style=\"display: none;\" width=\"26\" height=\"26\" alt=\"Wczytywanie\"><\/div><\/form><\/div>  <!-- .wpforms-container -->\n","protected":false},"excerpt":{"rendered":"<p>Oferuj\u0119 monta\u017c materia\u0142\u00f3w wideo. Wi\u0119kszo\u015b\u0107 projekt\u00f3w wykonuj\u0119 w przeci\u0105gu 7 dni. Je\u015bli zlecenie b\u0119dzie du\u017ce, ten czas mo\u017ce si\u0119 wyd\u0142u\u017cy\u0107. Zlecenia wykonuj\u0119 zdalnie. Zapraszam do kontaktu, w celu ustalenia szczeg\u00f3\u0142\u00f3w. Program do monta\u017cu: DaVinci Resolve. Jakie nagrania montuj\u0119? Jak wsp\u00f3\u0142pracujemy? 1) ustalamy koncepcj\u0119 filmu. Zapoznaj\u0119 si\u0119 z materia\u0142ami. Ustalamy kwesti\u0119 ceny,2) Przesy\u0142am gotowy film do&hellip; <br \/> <a class=\"button small blue\" href=\"https:\/\/www.mampasje.com.pl\/index.php\/montaz-materialow-wideo\/\">Dowiedz si\u0119 wi\u0119cej<\/a><\/p>\n","protected":false},"author":1,"featured_media":87,"parent":0,"menu_order":0,"comment_status":"closed","ping_status":"closed","template":"","meta":{"footnotes":""},"class_list":["post-86","page","type-page","status-publish","has-post-thumbnail","hentry"],"yoast_head":"<!-- This site is optimized with the Yoast SEO plugin v26.7 - https:\/\/yoast.com\/wordpress\/plugins\/seo\/ -->\n<title>Monta\u017c materia\u0142\u00f3w wideo - Mam Pasje<\/title>\n<meta name=\"description\" content=\"Oferuj\u0119 monta\u017c materia\u0142\u00f3w wideo. Zapraszam do kontaktu. Program do monta\u017cu: DaVinci Resolve.\" \/>\n<meta name=\"robots\" content=\"index, follow, max-snippet:-1, max-image-preview:large, max-video-preview:-1\" \/>\n<link rel=\"canonical\" href=\"https:\/\/www.mampasje.com.pl\/index.php\/montaz-materialow-wideo\/\" \/>\n<meta property=\"og:locale\" content=\"pl_PL\" \/>\n<meta property=\"og:type\" content=\"article\" \/>\n<meta property=\"og:title\" content=\"Monta\u017c materia\u0142\u00f3w wideo - Mam Pasje\" \/>\n<meta property=\"og:description\" content=\"Oferuj\u0119 monta\u017c materia\u0142\u00f3w wideo. Zapraszam do kontaktu. Program do monta\u017cu: DaVinci Resolve.\" \/>\n<meta property=\"og:url\" content=\"https:\/\/www.mampasje.com.pl\/index.php\/montaz-materialow-wideo\/\" \/>\n<meta property=\"og:site_name\" content=\"Mam Pasje\" \/>\n<meta property=\"article:publisher\" content=\"https:\/\/www.facebook.com\/mampasje\" \/>\n<meta property=\"article:modified_time\" content=\"2023-04-04T19:48:59+00:00\" \/>\n<meta property=\"og:image\" content=\"https:\/\/www.mampasje.com.pl\/wp-content\/uploads\/2023\/04\/montaz-materialow-wideo.jpg\" \/>\n\t<meta property=\"og:image:width\" content=\"1280\" \/>\n\t<meta property=\"og:image:height\" content=\"720\" \/>\n\t<meta property=\"og:image:type\" content=\"image\/jpeg\" \/>\n<meta name=\"twitter:card\" content=\"summary_large_image\" \/>\n<meta name=\"twitter:label1\" content=\"Szacowany czas czytania\" \/>\n\t<meta name=\"twitter:data1\" content=\"1 minuta\" \/>\n<script type=\"application\/ld+json\" class=\"yoast-schema-graph\">{\"@context\":\"https:\/\/schema.org\",\"@graph\":[{\"@type\":\"WebPage\",\"@id\":\"https:\/\/www.mampasje.com.pl\/index.php\/montaz-materialow-wideo\/\",\"url\":\"https:\/\/www.mampasje.com.pl\/index.php\/montaz-materialow-wideo\/\",\"name\":\"Monta\u017c materia\u0142\u00f3w wideo - Mam Pasje\",\"isPartOf\":{\"@id\":\"https:\/\/www.mampasje.com.pl\/#website\"},\"primaryImageOfPage\":{\"@id\":\"https:\/\/www.mampasje.com.pl\/index.php\/montaz-materialow-wideo\/#primaryimage\"},\"image\":{\"@id\":\"https:\/\/www.mampasje.com.pl\/index.php\/montaz-materialow-wideo\/#primaryimage\"},\"thumbnailUrl\":\"https:\/\/www.mampasje.com.pl\/wp-content\/uploads\/2023\/04\/montaz-materialow-wideo.jpg\",\"datePublished\":\"2023-04-04T19:38:44+00:00\",\"dateModified\":\"2023-04-04T19:48:59+00:00\",\"description\":\"Oferuj\u0119 monta\u017c materia\u0142\u00f3w wideo. Zapraszam do kontaktu. Program do monta\u017cu: DaVinci Resolve.\",\"breadcrumb\":{\"@id\":\"https:\/\/www.mampasje.com.pl\/index.php\/montaz-materialow-wideo\/#breadcrumb\"},\"inLanguage\":\"pl-PL\",\"potentialAction\":[{\"@type\":\"ReadAction\",\"target\":[\"https:\/\/www.mampasje.com.pl\/index.php\/montaz-materialow-wideo\/\"]}]},{\"@type\":\"ImageObject\",\"inLanguage\":\"pl-PL\",\"@id\":\"https:\/\/www.mampasje.com.pl\/index.php\/montaz-materialow-wideo\/#primaryimage\",\"url\":\"https:\/\/www.mampasje.com.pl\/wp-content\/uploads\/2023\/04\/montaz-materialow-wideo.jpg\",\"contentUrl\":\"https:\/\/www.mampasje.com.pl\/wp-content\/uploads\/2023\/04\/montaz-materialow-wideo.jpg\",\"width\":1280,\"height\":720,\"caption\":\"monta\u017c materia\u0142\u00f3w wideo. Da Vinci resolve\"},{\"@type\":\"BreadcrumbList\",\"@id\":\"https:\/\/www.mampasje.com.pl\/index.php\/montaz-materialow-wideo\/#breadcrumb\",\"itemListElement\":[{\"@type\":\"ListItem\",\"position\":1,\"name\":\"Strona g\u0142\u00f3wna\",\"item\":\"https:\/\/www.mampasje.com.pl\/\"},{\"@type\":\"ListItem\",\"position\":2,\"name\":\"Monta\u017c materia\u0142\u00f3w wideo\"}]},{\"@type\":\"WebSite\",\"@id\":\"https:\/\/www.mampasje.com.pl\/#website\",\"url\":\"https:\/\/www.mampasje.com.pl\/\",\"name\":\"Mam Pasje\",\"description\":\"Wywiady, inspiracje, ciekawostki\",\"publisher\":{\"@id\":\"https:\/\/www.mampasje.com.pl\/#organization\"},\"potentialAction\":[{\"@type\":\"SearchAction\",\"target\":{\"@type\":\"EntryPoint\",\"urlTemplate\":\"https:\/\/www.mampasje.com.pl\/?s={search_term_string}\"},\"query-input\":{\"@type\":\"PropertyValueSpecification\",\"valueRequired\":true,\"valueName\":\"search_term_string\"}}],\"inLanguage\":\"pl-PL\"},{\"@type\":\"Organization\",\"@id\":\"https:\/\/www.mampasje.com.pl\/#organization\",\"name\":\"Mam Pasje\",\"url\":\"https:\/\/www.mampasje.com.pl\/\",\"logo\":{\"@type\":\"ImageObject\",\"inLanguage\":\"pl-PL\",\"@id\":\"https:\/\/www.mampasje.com.pl\/#\/schema\/logo\/image\/\",\"url\":\"http:\/\/www.mampasje.com.pl\/wp-content\/uploads\/2023\/04\/Logo-4-mam-pasje-copy.png\",\"contentUrl\":\"http:\/\/www.mampasje.com.pl\/wp-content\/uploads\/2023\/04\/Logo-4-mam-pasje-copy.png\",\"width\":900,\"height\":1000,\"caption\":\"Mam Pasje\"},\"image\":{\"@id\":\"https:\/\/www.mampasje.com.pl\/#\/schema\/logo\/image\/\"},\"sameAs\":[\"https:\/\/www.facebook.com\/mampasje\",\"https:\/\/www.instagram.com\/mam_pasje_blog\/\",\"https:\/\/www.youtube.com\/@mampasje4928\"]}]}<\/script>\n<!-- \/ Yoast SEO plugin. -->","yoast_head_json":{"title":"Monta\u017c materia\u0142\u00f3w wideo - Mam Pasje","description":"Oferuj\u0119 monta\u017c materia\u0142\u00f3w wideo. Zapraszam do kontaktu. Program do monta\u017cu: DaVinci Resolve.","robots":{"index":"index","follow":"follow","max-snippet":"max-snippet:-1","max-image-preview":"max-image-preview:large","max-video-preview":"max-video-preview:-1"},"canonical":"https:\/\/www.mampasje.com.pl\/index.php\/montaz-materialow-wideo\/","og_locale":"pl_PL","og_type":"article","og_title":"Monta\u017c materia\u0142\u00f3w wideo - Mam Pasje","og_description":"Oferuj\u0119 monta\u017c materia\u0142\u00f3w wideo. Zapraszam do kontaktu. Program do monta\u017cu: DaVinci Resolve.","og_url":"https:\/\/www.mampasje.com.pl\/index.php\/montaz-materialow-wideo\/","og_site_name":"Mam Pasje","article_publisher":"https:\/\/www.facebook.com\/mampasje","article_modified_time":"2023-04-04T19:48:59+00:00","og_image":[{"width":1280,"height":720,"url":"https:\/\/www.mampasje.com.pl\/wp-content\/uploads\/2023\/04\/montaz-materialow-wideo.jpg","type":"image\/jpeg"}],"twitter_card":"summary_large_image","twitter_misc":{"Szacowany czas czytania":"1 minuta"},"schema":{"@context":"https:\/\/schema.org","@graph":[{"@type":"WebPage","@id":"https:\/\/www.mampasje.com.pl\/index.php\/montaz-materialow-wideo\/","url":"https:\/\/www.mampasje.com.pl\/index.php\/montaz-materialow-wideo\/","name":"Monta\u017c materia\u0142\u00f3w wideo - Mam Pasje","isPartOf":{"@id":"https:\/\/www.mampasje.com.pl\/#website"},"primaryImageOfPage":{"@id":"https:\/\/www.mampasje.com.pl\/index.php\/montaz-materialow-wideo\/#primaryimage"},"image":{"@id":"https:\/\/www.mampasje.com.pl\/index.php\/montaz-materialow-wideo\/#primaryimage"},"thumbnailUrl":"https:\/\/www.mampasje.com.pl\/wp-content\/uploads\/2023\/04\/montaz-materialow-wideo.jpg","datePublished":"2023-04-04T19:38:44+00:00","dateModified":"2023-04-04T19:48:59+00:00","description":"Oferuj\u0119 monta\u017c materia\u0142\u00f3w wideo. Zapraszam do kontaktu. Program do monta\u017cu: DaVinci Resolve.","breadcrumb":{"@id":"https:\/\/www.mampasje.com.pl\/index.php\/montaz-materialow-wideo\/#breadcrumb"},"inLanguage":"pl-PL","potentialAction":[{"@type":"ReadAction","target":["https:\/\/www.mampasje.com.pl\/index.php\/montaz-materialow-wideo\/"]}]},{"@type":"ImageObject","inLanguage":"pl-PL","@id":"https:\/\/www.mampasje.com.pl\/index.php\/montaz-materialow-wideo\/#primaryimage","url":"https:\/\/www.mampasje.com.pl\/wp-content\/uploads\/2023\/04\/montaz-materialow-wideo.jpg","contentUrl":"https:\/\/www.mampasje.com.pl\/wp-content\/uploads\/2023\/04\/montaz-materialow-wideo.jpg","width":1280,"height":720,"caption":"monta\u017c materia\u0142\u00f3w wideo. Da Vinci resolve"},{"@type":"BreadcrumbList","@id":"https:\/\/www.mampasje.com.pl\/index.php\/montaz-materialow-wideo\/#breadcrumb","itemListElement":[{"@type":"ListItem","position":1,"name":"Strona g\u0142\u00f3wna","item":"https:\/\/www.mampasje.com.pl\/"},{"@type":"ListItem","position":2,"name":"Monta\u017c materia\u0142\u00f3w wideo"}]},{"@type":"WebSite","@id":"https:\/\/www.mampasje.com.pl\/#website","url":"https:\/\/www.mampasje.com.pl\/","name":"Mam Pasje","description":"Wywiady, inspiracje, ciekawostki","publisher":{"@id":"https:\/\/www.mampasje.com.pl\/#organization"},"potentialAction":[{"@type":"SearchAction","target":{"@type":"EntryPoint","urlTemplate":"https:\/\/www.mampasje.com.pl\/?s={search_term_string}"},"query-input":{"@type":"PropertyValueSpecification","valueRequired":true,"valueName":"search_term_string"}}],"inLanguage":"pl-PL"},{"@type":"Organization","@id":"https:\/\/www.mampasje.com.pl\/#organization","name":"Mam Pasje","url":"https:\/\/www.mampasje.com.pl\/","logo":{"@type":"ImageObject","inLanguage":"pl-PL","@id":"https:\/\/www.mampasje.com.pl\/#\/schema\/logo\/image\/","url":"http:\/\/www.mampasje.com.pl\/wp-content\/uploads\/2023\/04\/Logo-4-mam-pasje-copy.png","contentUrl":"http:\/\/www.mampasje.com.pl\/wp-content\/uploads\/2023\/04\/Logo-4-mam-pasje-copy.png","width":900,"height":1000,"caption":"Mam Pasje"},"image":{"@id":"https:\/\/www.mampasje.com.pl\/#\/schema\/logo\/image\/"},"sameAs":["https:\/\/www.facebook.com\/mampasje","https:\/\/www.instagram.com\/mam_pasje_blog\/","https:\/\/www.youtube.com\/@mampasje4928"]}]}},"_links":{"self":[{"href":"https:\/\/www.mampasje.com.pl\/index.php\/wp-json\/wp\/v2\/pages\/86","targetHints":{"allow":["GET"]}}],"collection":[{"href":"https:\/\/www.mampasje.com.pl\/index.php\/wp-json\/wp\/v2\/pages"}],"about":[{"href":"https:\/\/www.mampasje.com.pl\/index.php\/wp-json\/wp\/v2\/types\/page"}],"author":[{"embeddable":true,"href":"https:\/\/www.mampasje.com.pl\/index.php\/wp-json\/wp\/v2\/users\/1"}],"replies":[{"embeddable":true,"href":"https:\/\/www.mampasje.com.pl\/index.php\/wp-json\/wp\/v2\/comments?post=86"}],"version-history":[{"count":2,"href":"https:\/\/www.mampasje.com.pl\/index.php\/wp-json\/wp\/v2\/pages\/86\/revisions"}],"predecessor-version":[{"id":96,"href":"https:\/\/www.mampasje.com.pl\/index.php\/wp-json\/wp\/v2\/pages\/86\/revisions\/96"}],"wp:featuredmedia":[{"embeddable":true,"href":"https:\/\/www.mampasje.com.pl\/index.php\/wp-json\/wp\/v2\/media\/87"}],"wp:attachment":[{"href":"https:\/\/www.mampasje.com.pl\/index.php\/wp-json\/wp\/v2\/media?parent=86"}],"curies":[{"name":"wp","href":"https:\/\/api.w.org\/{rel}","templated":true}]}}