{"id":101,"date":"2023-04-04T19:55:11","date_gmt":"2023-04-04T19:55:11","guid":{"rendered":"http:\/\/www.mampasje.com.pl\/?page_id=101"},"modified":"2024-02-05T20:22:26","modified_gmt":"2024-02-05T20:22:26","slug":"napisy","status":"publish","type":"page","link":"https:\/\/www.mampasje.com.pl\/index.php\/napisy\/","title":{"rendered":"Napisy"},"content":{"rendered":"\n<p>Tworzenie napis\u00f3w do film\u00f3w to inwestycja w dost\u0119pno\u015b\u0107 i zrozumia\u0142o\u015b\u0107 tre\u015bci oraz rozbudow\u0119 publiczno\u015bci, co przek\u0142ada si\u0119 na korzy\u015bci zar\u00f3wno dla tw\u00f3rcy, jak i dla odbiorcy.<\/p>\n\n\n\n<p>Oto kilka g\u0142\u00f3wnych zalet:<\/p>\n\n\n\n<ol class=\"wp-block-list\">\n<li><strong>Dost\u0119pno\u015b\u0107:<\/strong> Napisy umo\u017cliwiaj\u0105 osobom z ograniczeniami s\u0142uchu korzystanie z tre\u015bci wideo. Tworz\u0105c napisy, zwi\u0119kszasz dost\u0119pno\u015b\u0107 swoich film\u00f3w dla szerszej publiczno\u015bci.<\/li>\n\n\n\n<li><strong>Poprawa SEO:<\/strong> Dodaj\u0105c napisy do film\u00f3w, zwi\u0119kszasz ich zasi\u0119g w wynikach wyszukiwania. Wyszukiwarki indeksuj\u0105 tre\u015b\u0107 napis\u00f3w, co przyczynia si\u0119 do lepszej widoczno\u015bci Twoich film\u00f3w w wynikach wyszukiwania.<\/li>\n\n\n\n<li><strong>U\u0142atwiaj\u0105 szybkie zrozumienie tre\u015bci:<\/strong> Napisy mog\u0105 pom\u00f3c widzom w szybszym zrozumieniu tre\u015bci filmu, zw\u0142aszcza gdy m\u00f3wca m\u00f3wi szybko lub w przypadku skomplikowanych termin\u00f3w.<\/li>\n\n\n\n<li><strong>Tworzenie tre\u015bci edukacyjnych:<\/strong> W przypadku film\u00f3w edukacyjnych, napisy mog\u0105 by\u0107 pomocne w zrozumieniu i przyswajaniu materia\u0142u. Widzowie mog\u0105 czyta\u0107 i jednocze\u015bnie s\u0142ucha\u0107, co zwi\u0119ksza skuteczno\u015b\u0107 przekazu.<\/li>\n\n\n\n<li><strong>U\u0142atwiaj\u0105 Transkrypcj\u0119:<\/strong> Napisy stanowi\u0105 gotow\u0105 transkrypcj\u0119 tre\u015bci filmu, co mo\u017ce by\u0107 przydatne w przypadku tworzenia innych form tre\u015bci, takich jak artyku\u0142y, prezentacje czy podcasty.<\/li>\n<\/ol>\n\n\n\n<p>Oferuj\u0119 tworzenie napis\u00f3w do film\u00f3w, co sprawi, \u017ce Twoje tre\u015bci stan\u0105 si\u0119 bardziej dost\u0119pne i zrozumia\u0142e dla widz\u00f3w. Mo\u017cesz liczy\u0107 na szybkie dostarczanie gotowych napis\u00f3w, co pozwoli Ci skoncentrowa\u0107 si\u0119 na tworzeniu doskona\u0142ych tre\u015bci.<\/p>\n\n\n\n<h2 class=\"wp-block-heading\">Cennik:<\/h2>\n\n\n\n<p>Napisy do filmu w oddzielnym pliku: 5 z\u0142 za minut\u0119 nagrania.<br>Napisy do filmu, naniesione na film: 5 z\u0142 za minut\u0119 nagrania.<\/p>\n\n\n\n<p>Zapraszamy do kontaktu: <\/p>\n\n\n<style id=\"wpforms-css-vars-91\">\n\t\t\t\t#wpforms-91 {\n\t\t\t\t\n\t\t\t}\n\t\t\t<\/style><div class=\"wpforms-container wpforms-container-full wpforms-render-modern\" id=\"wpforms-91\"><form id=\"wpforms-form-91\" class=\"wpforms-validate wpforms-form wpforms-ajax-form\" data-formid=\"91\" method=\"post\" enctype=\"multipart\/form-data\" action=\"\/index.php\/wp-json\/wp\/v2\/pages\/101\" data-token=\"d6f5cf99f101e99d9b48e1fce66f1d32\" data-token-time=\"1776603286\"><noscript class=\"wpforms-error-noscript\">Aby wype\u0142ni\u0107 ten formularz, w\u0142\u0105cz obs\u0142ug\u0119 JavaScript w przegl\u0105darce.<\/noscript><div id=\"wpforms-error-noscript\" style=\"display: none;\">Aby wype\u0142ni\u0107 ten formularz, w\u0142\u0105cz obs\u0142ug\u0119 JavaScript w przegl\u0105darce.<\/div><div class=\"wpforms-field-container\"><div id=\"wpforms-91-field_0-container\" class=\"wpforms-field wpforms-field-name\" data-field-id=\"0\"><label class=\"wpforms-field-label\" for=\"wpforms-91-field_0\">Imi\u0119 <span class=\"wpforms-required-label\" aria-hidden=\"true\">*<\/span><\/label><input type=\"text\" id=\"wpforms-91-field_0\" class=\"wpforms-field-medium wpforms-field-required\" name=\"wpforms[fields][0]\" aria-errormessage=\"wpforms-91-field_0-error\" required><\/div><div id=\"wpforms-91-field_1-container\" class=\"wpforms-field wpforms-field-email\" data-field-id=\"1\"><fieldset><legend class=\"wpforms-field-label\">E-mail <span class=\"wpforms-required-label\" aria-hidden=\"true\">*<\/span><\/legend><div class=\"wpforms-field-row wpforms-field-medium\"><div class=\"wpforms-field-row-block wpforms-one-half wpforms-first\"><input type=\"email\" id=\"wpforms-91-field_1\" class=\"wpforms-field-required wpforms-field-email-primary\" name=\"wpforms[fields][1][primary]\" spellcheck=\"false\" aria-errormessage=\"wpforms-91-field_1-error\" required><label for=\"wpforms-91-field_1\" class=\"wpforms-field-sublabel after\">Adres e-mail<\/label><\/div><div class=\"wpforms-field-row-block wpforms-one-half\"><input type=\"email\" id=\"wpforms-91-field_1-secondary\" class=\"wpforms-field-email-secondary wpforms-field-required\" data-rule-confirm=\"#wpforms-91-field_1\" name=\"wpforms[fields][1][secondary]\" spellcheck=\"false\" aria-errormessage=\"wpforms-91-field_1-secondary-error\" required><label for=\"wpforms-91-field_1-secondary\" class=\"wpforms-field-sublabel after\">Potwierd\u017a adres e-mail<\/label><\/div><\/div><\/fieldset><\/div><div id=\"wpforms-91-field_2-container\" class=\"wpforms-field wpforms-field-textarea\" data-field-id=\"2\"><label class=\"wpforms-field-label\" for=\"wpforms-91-field_2\">Opis projektu <span class=\"wpforms-required-label\" aria-hidden=\"true\">*<\/span><\/label><textarea id=\"wpforms-91-field_2\" class=\"wpforms-field-medium wpforms-field-required\" name=\"wpforms[fields][2]\" aria-errormessage=\"wpforms-91-field_2-error\" required><\/textarea><\/div><div id=\"wpforms-91-field_3-container\" class=\"wpforms-field wpforms-field-select wpforms-field-select-style-modern\" data-field-id=\"3\"><label class=\"wpforms-field-label\" for=\"wpforms-91-field_3\">Oczekiwany czas realizacji <span class=\"wpforms-required-label\" aria-hidden=\"true\">*<\/span><\/label><select id=\"wpforms-91-field_3\" class=\"wpforms-field-small wpforms-field-required choicesjs-select\" data-size-class=\"wpforms-field-row wpforms-field-small\" data-search-enabled=\"\" name=\"wpforms[fields][3]\" required=\"required\"><option value=\"\" class=\"placeholder\" disabled ><\/option><option value=\"Do 7 dni\"  selected='selected' class=\"choice-1 depth-1\"  >Do 7 dni<\/option><option value=\"7-14 dni\"  class=\"choice-2 depth-1\"  >7-14 dni<\/option><option value=\"14-30 dni\"  class=\"choice-3 depth-1\"  >14-30 dni<\/option><\/select><\/div><\/div><!-- .wpforms-field-container --><div class=\"wpforms-recaptcha-container wpforms-is-recaptcha wpforms-is-recaptcha-type-v3\" ><input type=\"hidden\" name=\"wpforms[recaptcha]\" value=\"\"><\/div><div class=\"wpforms-submit-container\" ><input type=\"hidden\" name=\"wpforms[id]\" value=\"91\"><input type=\"hidden\" name=\"page_title\" value=\"\"><input type=\"hidden\" name=\"page_url\" value=\"https:\/\/www.mampasje.com.pl\/index.php\/wp-json\/wp\/v2\/pages\/101\"><input type=\"hidden\" name=\"url_referer\" value=\"\"><button type=\"submit\" name=\"wpforms[submit]\" id=\"wpforms-submit-91\" class=\"wpforms-submit\" data-alt-text=\"Wysy\u0142anie...\" data-submit-text=\"Prze\u015blij\" aria-live=\"assertive\" value=\"wpforms-submit\">Prze\u015blij<\/button><img loading=\"lazy\" decoding=\"async\" src=\"https:\/\/www.mampasje.com.pl\/wp-content\/plugins\/wpforms-lite\/assets\/images\/submit-spin.svg\" class=\"wpforms-submit-spinner\" style=\"display: none;\" width=\"26\" height=\"26\" alt=\"Wczytywanie\"><\/div><\/form><\/div>  <!-- .wpforms-container -->\n","protected":false},"excerpt":{"rendered":"<p>Tworzenie napis\u00f3w do film\u00f3w to inwestycja w dost\u0119pno\u015b\u0107 i zrozumia\u0142o\u015b\u0107 tre\u015bci oraz rozbudow\u0119 publiczno\u015bci, co przek\u0142ada si\u0119 na korzy\u015bci zar\u00f3wno dla tw\u00f3rcy, jak i dla odbiorcy. Oto kilka g\u0142\u00f3wnych zalet: Oferuj\u0119 tworzenie napis\u00f3w do film\u00f3w, co sprawi, \u017ce Twoje tre\u015bci stan\u0105 si\u0119 bardziej dost\u0119pne i zrozumia\u0142e dla widz\u00f3w. Mo\u017cesz liczy\u0107 na szybkie dostarczanie gotowych napis\u00f3w,&hellip; <br \/> <a class=\"button small blue\" href=\"https:\/\/www.mampasje.com.pl\/index.php\/napisy\/\">Dowiedz si\u0119 wi\u0119cej<\/a><\/p>\n","protected":false},"author":1,"featured_media":142,"parent":0,"menu_order":0,"comment_status":"closed","ping_status":"closed","template":"","meta":{"footnotes":""},"class_list":["post-101","page","type-page","status-publish","has-post-thumbnail","hentry"],"yoast_head":"<!-- This site is optimized with the Yoast SEO plugin v26.7 - https:\/\/yoast.com\/wordpress\/plugins\/seo\/ -->\n<title>Napisy - Mam Pasje<\/title>\n<meta name=\"description\" content=\"Napisy do film\u00f3w. Tworzenie napis\u00f3w do film\u00f3w to inwestycja w dost\u0119pno\u015b\u0107 i zrozumia\u0142o\u015b\u0107 tre\u015bci oraz rozbudow\u0119 publiczno\u015bci.\" \/>\n<meta name=\"robots\" content=\"index, follow, max-snippet:-1, max-image-preview:large, max-video-preview:-1\" \/>\n<link rel=\"canonical\" href=\"https:\/\/www.mampasje.com.pl\/index.php\/napisy\/\" \/>\n<meta property=\"og:locale\" content=\"pl_PL\" \/>\n<meta property=\"og:type\" content=\"article\" \/>\n<meta property=\"og:title\" content=\"Napisy - Mam Pasje\" \/>\n<meta property=\"og:description\" content=\"Napisy do film\u00f3w. Tworzenie napis\u00f3w do film\u00f3w to inwestycja w dost\u0119pno\u015b\u0107 i zrozumia\u0142o\u015b\u0107 tre\u015bci oraz rozbudow\u0119 publiczno\u015bci.\" \/>\n<meta property=\"og:url\" content=\"https:\/\/www.mampasje.com.pl\/index.php\/napisy\/\" \/>\n<meta property=\"og:site_name\" content=\"Mam Pasje\" \/>\n<meta property=\"article:publisher\" content=\"https:\/\/www.facebook.com\/mampasje\" \/>\n<meta property=\"article:modified_time\" content=\"2024-02-05T20:22:26+00:00\" \/>\n<meta property=\"og:image\" content=\"https:\/\/www.mampasje.com.pl\/wp-content\/uploads\/2024\/02\/pexels-adam-sondel-9317525.jpg\" \/>\n\t<meta property=\"og:image:width\" content=\"1280\" \/>\n\t<meta property=\"og:image:height\" content=\"720\" \/>\n\t<meta property=\"og:image:type\" content=\"image\/jpeg\" \/>\n<meta name=\"twitter:card\" content=\"summary_large_image\" \/>\n<meta name=\"twitter:label1\" content=\"Szacowany czas czytania\" \/>\n\t<meta name=\"twitter:data1\" content=\"2 minuty\" \/>\n<script type=\"application\/ld+json\" class=\"yoast-schema-graph\">{\"@context\":\"https:\/\/schema.org\",\"@graph\":[{\"@type\":\"WebPage\",\"@id\":\"https:\/\/www.mampasje.com.pl\/index.php\/napisy\/\",\"url\":\"https:\/\/www.mampasje.com.pl\/index.php\/napisy\/\",\"name\":\"Napisy - Mam Pasje\",\"isPartOf\":{\"@id\":\"https:\/\/www.mampasje.com.pl\/#website\"},\"primaryImageOfPage\":{\"@id\":\"https:\/\/www.mampasje.com.pl\/index.php\/napisy\/#primaryimage\"},\"image\":{\"@id\":\"https:\/\/www.mampasje.com.pl\/index.php\/napisy\/#primaryimage\"},\"thumbnailUrl\":\"https:\/\/www.mampasje.com.pl\/wp-content\/uploads\/2024\/02\/pexels-adam-sondel-9317525.jpg\",\"datePublished\":\"2023-04-04T19:55:11+00:00\",\"dateModified\":\"2024-02-05T20:22:26+00:00\",\"description\":\"Napisy do film\u00f3w. Tworzenie napis\u00f3w do film\u00f3w to inwestycja w dost\u0119pno\u015b\u0107 i zrozumia\u0142o\u015b\u0107 tre\u015bci oraz rozbudow\u0119 publiczno\u015bci.\",\"breadcrumb\":{\"@id\":\"https:\/\/www.mampasje.com.pl\/index.php\/napisy\/#breadcrumb\"},\"inLanguage\":\"pl-PL\",\"potentialAction\":[{\"@type\":\"ReadAction\",\"target\":[\"https:\/\/www.mampasje.com.pl\/index.php\/napisy\/\"]}]},{\"@type\":\"ImageObject\",\"inLanguage\":\"pl-PL\",\"@id\":\"https:\/\/www.mampasje.com.pl\/index.php\/napisy\/#primaryimage\",\"url\":\"https:\/\/www.mampasje.com.pl\/wp-content\/uploads\/2024\/02\/pexels-adam-sondel-9317525.jpg\",\"contentUrl\":\"https:\/\/www.mampasje.com.pl\/wp-content\/uploads\/2024\/02\/pexels-adam-sondel-9317525.jpg\",\"width\":1280,\"height\":720,\"caption\":\"Napisy do film\u00f3w. Tworzenie napis\u00f3w do film\u00f3w to inwestycja w dost\u0119pno\u015b\u0107 i zrozumia\u0142o\u015b\u0107 tre\u015bci oraz rozbudow\u0119 publiczno\u015bci.\"},{\"@type\":\"BreadcrumbList\",\"@id\":\"https:\/\/www.mampasje.com.pl\/index.php\/napisy\/#breadcrumb\",\"itemListElement\":[{\"@type\":\"ListItem\",\"position\":1,\"name\":\"Strona g\u0142\u00f3wna\",\"item\":\"https:\/\/www.mampasje.com.pl\/\"},{\"@type\":\"ListItem\",\"position\":2,\"name\":\"Napisy\"}]},{\"@type\":\"WebSite\",\"@id\":\"https:\/\/www.mampasje.com.pl\/#website\",\"url\":\"https:\/\/www.mampasje.com.pl\/\",\"name\":\"Mam Pasje\",\"description\":\"Wywiady, inspiracje, ciekawostki\",\"publisher\":{\"@id\":\"https:\/\/www.mampasje.com.pl\/#organization\"},\"potentialAction\":[{\"@type\":\"SearchAction\",\"target\":{\"@type\":\"EntryPoint\",\"urlTemplate\":\"https:\/\/www.mampasje.com.pl\/?s={search_term_string}\"},\"query-input\":{\"@type\":\"PropertyValueSpecification\",\"valueRequired\":true,\"valueName\":\"search_term_string\"}}],\"inLanguage\":\"pl-PL\"},{\"@type\":\"Organization\",\"@id\":\"https:\/\/www.mampasje.com.pl\/#organization\",\"name\":\"Mam Pasje\",\"url\":\"https:\/\/www.mampasje.com.pl\/\",\"logo\":{\"@type\":\"ImageObject\",\"inLanguage\":\"pl-PL\",\"@id\":\"https:\/\/www.mampasje.com.pl\/#\/schema\/logo\/image\/\",\"url\":\"http:\/\/www.mampasje.com.pl\/wp-content\/uploads\/2023\/04\/Logo-4-mam-pasje-copy.png\",\"contentUrl\":\"http:\/\/www.mampasje.com.pl\/wp-content\/uploads\/2023\/04\/Logo-4-mam-pasje-copy.png\",\"width\":900,\"height\":1000,\"caption\":\"Mam Pasje\"},\"image\":{\"@id\":\"https:\/\/www.mampasje.com.pl\/#\/schema\/logo\/image\/\"},\"sameAs\":[\"https:\/\/www.facebook.com\/mampasje\",\"https:\/\/www.instagram.com\/mam_pasje_blog\/\",\"https:\/\/www.youtube.com\/@mampasje4928\"]}]}<\/script>\n<!-- \/ Yoast SEO plugin. -->","yoast_head_json":{"title":"Napisy - Mam Pasje","description":"Napisy do film\u00f3w. Tworzenie napis\u00f3w do film\u00f3w to inwestycja w dost\u0119pno\u015b\u0107 i zrozumia\u0142o\u015b\u0107 tre\u015bci oraz rozbudow\u0119 publiczno\u015bci.","robots":{"index":"index","follow":"follow","max-snippet":"max-snippet:-1","max-image-preview":"max-image-preview:large","max-video-preview":"max-video-preview:-1"},"canonical":"https:\/\/www.mampasje.com.pl\/index.php\/napisy\/","og_locale":"pl_PL","og_type":"article","og_title":"Napisy - Mam Pasje","og_description":"Napisy do film\u00f3w. Tworzenie napis\u00f3w do film\u00f3w to inwestycja w dost\u0119pno\u015b\u0107 i zrozumia\u0142o\u015b\u0107 tre\u015bci oraz rozbudow\u0119 publiczno\u015bci.","og_url":"https:\/\/www.mampasje.com.pl\/index.php\/napisy\/","og_site_name":"Mam Pasje","article_publisher":"https:\/\/www.facebook.com\/mampasje","article_modified_time":"2024-02-05T20:22:26+00:00","og_image":[{"width":1280,"height":720,"url":"https:\/\/www.mampasje.com.pl\/wp-content\/uploads\/2024\/02\/pexels-adam-sondel-9317525.jpg","type":"image\/jpeg"}],"twitter_card":"summary_large_image","twitter_misc":{"Szacowany czas czytania":"2 minuty"},"schema":{"@context":"https:\/\/schema.org","@graph":[{"@type":"WebPage","@id":"https:\/\/www.mampasje.com.pl\/index.php\/napisy\/","url":"https:\/\/www.mampasje.com.pl\/index.php\/napisy\/","name":"Napisy - Mam Pasje","isPartOf":{"@id":"https:\/\/www.mampasje.com.pl\/#website"},"primaryImageOfPage":{"@id":"https:\/\/www.mampasje.com.pl\/index.php\/napisy\/#primaryimage"},"image":{"@id":"https:\/\/www.mampasje.com.pl\/index.php\/napisy\/#primaryimage"},"thumbnailUrl":"https:\/\/www.mampasje.com.pl\/wp-content\/uploads\/2024\/02\/pexels-adam-sondel-9317525.jpg","datePublished":"2023-04-04T19:55:11+00:00","dateModified":"2024-02-05T20:22:26+00:00","description":"Napisy do film\u00f3w. Tworzenie napis\u00f3w do film\u00f3w to inwestycja w dost\u0119pno\u015b\u0107 i zrozumia\u0142o\u015b\u0107 tre\u015bci oraz rozbudow\u0119 publiczno\u015bci.","breadcrumb":{"@id":"https:\/\/www.mampasje.com.pl\/index.php\/napisy\/#breadcrumb"},"inLanguage":"pl-PL","potentialAction":[{"@type":"ReadAction","target":["https:\/\/www.mampasje.com.pl\/index.php\/napisy\/"]}]},{"@type":"ImageObject","inLanguage":"pl-PL","@id":"https:\/\/www.mampasje.com.pl\/index.php\/napisy\/#primaryimage","url":"https:\/\/www.mampasje.com.pl\/wp-content\/uploads\/2024\/02\/pexels-adam-sondel-9317525.jpg","contentUrl":"https:\/\/www.mampasje.com.pl\/wp-content\/uploads\/2024\/02\/pexels-adam-sondel-9317525.jpg","width":1280,"height":720,"caption":"Napisy do film\u00f3w. Tworzenie napis\u00f3w do film\u00f3w to inwestycja w dost\u0119pno\u015b\u0107 i zrozumia\u0142o\u015b\u0107 tre\u015bci oraz rozbudow\u0119 publiczno\u015bci."},{"@type":"BreadcrumbList","@id":"https:\/\/www.mampasje.com.pl\/index.php\/napisy\/#breadcrumb","itemListElement":[{"@type":"ListItem","position":1,"name":"Strona g\u0142\u00f3wna","item":"https:\/\/www.mampasje.com.pl\/"},{"@type":"ListItem","position":2,"name":"Napisy"}]},{"@type":"WebSite","@id":"https:\/\/www.mampasje.com.pl\/#website","url":"https:\/\/www.mampasje.com.pl\/","name":"Mam Pasje","description":"Wywiady, inspiracje, ciekawostki","publisher":{"@id":"https:\/\/www.mampasje.com.pl\/#organization"},"potentialAction":[{"@type":"SearchAction","target":{"@type":"EntryPoint","urlTemplate":"https:\/\/www.mampasje.com.pl\/?s={search_term_string}"},"query-input":{"@type":"PropertyValueSpecification","valueRequired":true,"valueName":"search_term_string"}}],"inLanguage":"pl-PL"},{"@type":"Organization","@id":"https:\/\/www.mampasje.com.pl\/#organization","name":"Mam Pasje","url":"https:\/\/www.mampasje.com.pl\/","logo":{"@type":"ImageObject","inLanguage":"pl-PL","@id":"https:\/\/www.mampasje.com.pl\/#\/schema\/logo\/image\/","url":"http:\/\/www.mampasje.com.pl\/wp-content\/uploads\/2023\/04\/Logo-4-mam-pasje-copy.png","contentUrl":"http:\/\/www.mampasje.com.pl\/wp-content\/uploads\/2023\/04\/Logo-4-mam-pasje-copy.png","width":900,"height":1000,"caption":"Mam Pasje"},"image":{"@id":"https:\/\/www.mampasje.com.pl\/#\/schema\/logo\/image\/"},"sameAs":["https:\/\/www.facebook.com\/mampasje","https:\/\/www.instagram.com\/mam_pasje_blog\/","https:\/\/www.youtube.com\/@mampasje4928"]}]}},"_links":{"self":[{"href":"https:\/\/www.mampasje.com.pl\/index.php\/wp-json\/wp\/v2\/pages\/101","targetHints":{"allow":["GET"]}}],"collection":[{"href":"https:\/\/www.mampasje.com.pl\/index.php\/wp-json\/wp\/v2\/pages"}],"about":[{"href":"https:\/\/www.mampasje.com.pl\/index.php\/wp-json\/wp\/v2\/types\/page"}],"author":[{"embeddable":true,"href":"https:\/\/www.mampasje.com.pl\/index.php\/wp-json\/wp\/v2\/users\/1"}],"replies":[{"embeddable":true,"href":"https:\/\/www.mampasje.com.pl\/index.php\/wp-json\/wp\/v2\/comments?post=101"}],"version-history":[{"count":2,"href":"https:\/\/www.mampasje.com.pl\/index.php\/wp-json\/wp\/v2\/pages\/101\/revisions"}],"predecessor-version":[{"id":141,"href":"https:\/\/www.mampasje.com.pl\/index.php\/wp-json\/wp\/v2\/pages\/101\/revisions\/141"}],"wp:featuredmedia":[{"embeddable":true,"href":"https:\/\/www.mampasje.com.pl\/index.php\/wp-json\/wp\/v2\/media\/142"}],"wp:attachment":[{"href":"https:\/\/www.mampasje.com.pl\/index.php\/wp-json\/wp\/v2\/media?parent=101"}],"curies":[{"name":"wp","href":"https:\/\/api.w.org\/{rel}","templated":true}]}}